{"id":8257,"date":"2012-02-15T21:32:35","date_gmt":"2012-02-15T20:32:35","guid":{"rendered":"http:\/\/www.karlskogasdk.se\/?page_id=8257"},"modified":"2012-09-20T12:01:22","modified_gmt":"2012-09-20T10:01:22","slug":"instruktioner-startsida","status":"publish","type":"page","link":"https:\/\/www.karlskogasdk.se\/?page_id=8257","title":{"rendered":"Instruktioner-StartSida"},"content":{"rendered":"<p><strong>Enkla instruktioner f\u00f6r skapa inl\u00e4gg p\u00e5 KSDK webben:<\/strong><\/p>\n<p><a title=\"Snabb Guide\" href=\"https:\/\/www.karlskogasdk.se\/?page_id=8259\" target=\"_blank\"><strong>L\u00e4gga in egna videoklipp:<\/strong><\/a><\/p>\n<p>TIPS VID SKAPANDE AV INL\u00c4GG!<br \/>\nAlla inl\u00e4gg som ska visa under &#8220;Artiklar&#8221; m\u00e5ste ha kategorin &#8220;<strong>artiklar<\/strong>&#8221; i bockat. \u00d6vriga kategorier har f\u00f6r n\u00e4rvarande <strong>ingen<\/strong> funktion. Rekommenderar att s\u00e4tt etiketter f\u00f6r att under l\u00e4tt a bl. s\u00f6kningar.<\/p>\n","protected":false},"excerpt":{"rendered":"<p>Enkla instruktioner f\u00f6r skapa inl\u00e4gg p\u00e5 KSDK webben: L\u00e4gga in egna videoklipp: TIPS VID SKAPANDE AV INL\u00c4GG! Alla inl\u00e4gg som ska visa under &#8220;Artiklar&#8221; m\u00e5ste ha kategorin &#8220;artiklar&#8221; i bockat. \u00d6vriga kategorier har f\u00f6r n\u00e4rvarande ingen funktion. Rekommenderar att s\u00e4tt &hellip; <a href=\"https:\/\/www.karlskogasdk.se\/?page_id=8257\">Forts\u00e4tt l\u00e4sa <span class=\"meta-nav\">&rarr;<\/span><\/a><\/p>\n","protected":false},"author":102,"featured_media":0,"parent":0,"menu_order":0,"comment_status":"closed","ping_status":"closed","template":"","meta":{"footnotes":""},"_links":{"self":[{"href":"https:\/\/www.karlskogasdk.se\/index.php?rest_route=\/wp\/v2\/pages\/8257"}],"collection":[{"href":"https:\/\/www.karlskogasdk.se\/index.php?rest_route=\/wp\/v2\/pages"}],"about":[{"href":"https:\/\/www.karlskogasdk.se\/index.php?rest_route=\/wp\/v2\/types\/page"}],"author":[{"embeddable":true,"href":"https:\/\/www.karlskogasdk.se\/index.php?rest_route=\/wp\/v2\/users\/102"}],"replies":[{"embeddable":true,"href":"https:\/\/www.karlskogasdk.se\/index.php?rest_route=%2Fwp%2Fv2%2Fcomments&post=8257"}],"version-history":[{"count":4,"href":"https:\/\/www.karlskogasdk.se\/index.php?rest_route=\/wp\/v2\/pages\/8257\/revisions"}],"predecessor-version":[{"id":8265,"href":"https:\/\/www.karlskogasdk.se\/index.php?rest_route=\/wp\/v2\/pages\/8257\/revisions\/8265"}],"wp:attachment":[{"href":"https:\/\/www.karlskogasdk.se\/index.php?rest_route=%2Fwp%2Fv2%2Fmedia&parent=8257"}],"curies":[{"name":"wp","href":"https:\/\/api.w.org\/{rel}","templated":true}]}}