{"id":7907,"date":"2011-12-12T21:30:55","date_gmt":"2011-12-12T20:30:55","guid":{"rendered":"http:\/\/www.karlskogasdk.se\/?page_id=7907"},"modified":"2025-11-11T21:48:47","modified_gmt":"2025-11-11T20:48:47","slug":"enstjarnig-dykkurs","status":"publish","type":"page","link":"https:\/\/www.karlskogasdk.se\/?page_id=7907","title":{"rendered":"Enstj\u00e4rnig Dykkurs"},"content":{"rendered":"<p><strong>Kursstart 15 januari 2026<\/strong><\/p>\n<p>Efter avslutad kurs har du tillr\u00e4cklig kunskap och vattenvana f\u00f6r att dyka i \u00f6ppet vatten till max 20 meter tillsammans med en\u00a0parkamrat som innehar\u00a0enstj\u00e4rnigt CMAS-certifikat eller motsvarande. I utbildningen ing\u00e5r lektioner i dykfysik, tabeller, dykmedicin och till\u00e4mpad dykning samt utbildning i Hj\u00e4rt-lungr\u00e4ddning, HLR. Dessutom ing\u00e5r \u00e4ven praktisk tr\u00e4ning i grundl\u00e4ggande livr\u00e4ddning.<\/p>\n<p>F\u00f6rsta teoripasset torsdag 15 januari f\u00f6rsta vattenpasset 6\/2 Vattenpass \u00e4r f\u00f6rlagda till fredagar kl 17.30 och vi kommer ha ett antal teorilektioner p\u00e5 kv\u00e4llar som best\u00e4ms f\u00f6rsta teoripasset. F\u00f6rsta utomhus lektionerna kommer vara 25 april och 2 maj i Uskavi. Teorin l\u00e4ses \u00e4ven med e-learning. Kursen avslutas p\u00e5 v\u00e4stkusten kristi himmelsf\u00e4rd 14-17 maj resa till kusten den 13 maj<strong><em>.<br \/>\nGrundkravet f\u00f6r att f\u00e5 b\u00f6rja kursen \u00e4r att man \u00e4r minst 14 \u00e5r n\u00e4r kursen p\u00e5b\u00f6rjas, kan simma minst 200 meter, \u00e4r fullt frisk och att man har en godk\u00e4nd h\u00e4lsodeklaration.<br \/>\n<\/em><br \/>\n<\/strong>P\u00e5 KSDKs kurser s\u00e5 har vi max 4 elever per instrukt\u00f6r p\u00e5 bass\u00e4ngdyken och p\u00e5 utomhusdyken har vi max 4 elever per instrukt\u00f6r. Detta f\u00f6r att \u00f6ka s\u00e4kerheten och ge m\u00f6jlighet till individuell tr\u00e4ning.<br \/>\n<strong><br \/>\nKursavgiften f\u00f6r 2026 ligger p\u00e5 4000:-.<\/strong><\/p>\n<p>1000 kr i anm\u00e4lningsavgift skall betalas i samband med anm\u00e4lan. Resterande 3000 kr f\u00f6r kursen skall vara betald senast den 23 februari 2026.<\/p>\n<p>I anm\u00e4lan skall anges namn, person nr, mailadress, adress, telnr, m\u00e5lsmans kontakt uppgifter.<br \/>\n<strong><u><br \/>\nI kursavgiften ing\u00e5r<\/u><\/strong>:<br \/>\n\u2013 Ett internationellt dykcertifikat: CMAS one star diver.<br \/>\n\u2013 Kursmaterial.<br \/>\n\u2013 L\u00e5n av dykutrustning under kursens g\u00e5ng BCD, flaska och regulator. V\u00e5tdr\u00e4kt i m\u00e5n av storlek.<br \/>\n\u2013 Medlemskap i Karlskoga Sportdykarklubb.<br \/>\n\u2013 F\u00f6rs\u00e4kring.<br \/>\n\u2013 R\u00e4tt att nyttja KSDK:s badtider p\u00e5 Strandbadet fr\u00e5n v\u00e5r till h\u00f6st p\u00e5 onsdags-, fredags-\u00a0och\u00a0l\u00f6rdagskv\u00e4llar.<\/p>\n<p><strong><u>Kostnader ut\u00f6ver kursavgiften<\/u><\/strong><br \/>\n\u2013 Resa till och fr\u00e5n dykplatserna.<br \/>\n\u2013 Utrustning i form av fenor, mask, snorkel, dr\u00e4kt, kniv, klocka, dykdator.<br \/>\n\u2013 Eventuell l\u00e4karunders\u00f6kning som bokas och betalas sj\u00e4lv av eleven.<br \/>\n\u00ad- Boende kostnad p\u00e5 Kursavslutning p\u00e5 V\u00e4stkusten under Kristi Himmelsf\u00e4rdshelgen<\/p>\n<p><strong>Max antal: 8 st. <\/strong>F\u00f6rst till kvarn g\u00e4ller\u2026\u2026!<\/p>\n<p>F\u00f6r fr\u00e5gor och anm\u00e4lan kontakta:<br \/>\nCamilla S\u00e5nebo<br \/>\nc.sanebo@hotmail.se<br \/>\n070-338 87 59<\/p>\n","protected":false},"excerpt":{"rendered":"<p>Kursstart 15 januari 2026 Efter avslutad kurs har du tillr\u00e4cklig kunskap och vattenvana f\u00f6r att dyka i \u00f6ppet vatten till max 20 meter tillsammans med en\u00a0parkamrat som innehar\u00a0enstj\u00e4rnigt CMAS-certifikat eller motsvarande. I utbildningen ing\u00e5r lektioner i dykfysik, tabeller, dykmedicin och &hellip; <a href=\"https:\/\/www.karlskogasdk.se\/?page_id=7907\">Forts\u00e4tt l\u00e4sa <span class=\"meta-nav\">&rarr;<\/span><\/a><\/p>\n","protected":false},"author":416,"featured_media":0,"parent":7880,"menu_order":0,"comment_status":"closed","ping_status":"closed","template":"","meta":{"footnotes":""},"_links":{"self":[{"href":"https:\/\/www.karlskogasdk.se\/index.php?rest_route=\/wp\/v2\/pages\/7907"}],"collection":[{"href":"https:\/\/www.karlskogasdk.se\/index.php?rest_route=\/wp\/v2\/pages"}],"about":[{"href":"https:\/\/www.karlskogasdk.se\/index.php?rest_route=\/wp\/v2\/types\/page"}],"author":[{"embeddable":true,"href":"https:\/\/www.karlskogasdk.se\/index.php?rest_route=\/wp\/v2\/users\/416"}],"replies":[{"embeddable":true,"href":"https:\/\/www.karlskogasdk.se\/index.php?rest_route=%2Fwp%2Fv2%2Fcomments&post=7907"}],"version-history":[{"count":61,"href":"https:\/\/www.karlskogasdk.se\/index.php?rest_route=\/wp\/v2\/pages\/7907\/revisions"}],"predecessor-version":[{"id":13709,"href":"https:\/\/www.karlskogasdk.se\/index.php?rest_route=\/wp\/v2\/pages\/7907\/revisions\/13709"}],"up":[{"embeddable":true,"href":"https:\/\/www.karlskogasdk.se\/index.php?rest_route=\/wp\/v2\/pages\/7880"}],"wp:attachment":[{"href":"https:\/\/www.karlskogasdk.se\/index.php?rest_route=%2Fwp%2Fv2%2Fmedia&parent=7907"}],"curies":[{"name":"wp","href":"https:\/\/api.w.org\/{rel}","templated":true}]}}